{"id":4343,"date":"2024-10-03T01:06:53","date_gmt":"2024-10-02T23:06:53","guid":{"rendered":"https:\/\/famousprod.com\/\/?page_id=4343"},"modified":"2024-10-03T01:06:53","modified_gmt":"2024-10-02T23:06:53","slug":"commande-famous-rental","status":"publish","type":"page","link":"https:\/\/famousprod.com\/en\/commande-famous-rental\/","title":{"rendered":"WOO &#8211; Commande-Famous-Rental"},"content":{"rendered":"<div data-elementor-type=\"wp-page\" data-elementor-id=\"4343\" class=\"elementor elementor-4343\">\n\t\t\t\t<div class=\"elementor-element elementor-element-bc203d3 e-con-full e-flex e-con e-parent\" data-id=\"bc203d3\" data-element_type=\"container\" data-e-type=\"container\">\n\t\t\t\t<div class=\"elementor-element elementor-element-c7d5c65 elementor-widget elementor-widget-heading\" data-id=\"c7d5c65\" data-element_type=\"widget\" data-e-type=\"widget\" data-widget_type=\"heading.default\">\n\t\t\t\t<div class=\"elementor-widget-container\">\n\t\t\t\t\t<h2 class=\"elementor-heading-title elementor-size-default\">Dates De Tournage <\/h2>\t\t\t\t<\/div>\n\t\t\t\t<\/div>\n\t\t\t\t<div class=\"elementor-element elementor-element-87fad4e elementor-widget elementor-widget-button\" data-id=\"87fad4e\" data-element_type=\"widget\" data-e-type=\"widget\" data-widget_type=\"button.default\">\n\t\t\t\t<div class=\"elementor-widget-container\">\n\t\t\t\t\t\t\t\t\t<div class=\"elementor-button-wrapper\">\n\t\t\t\t\t<a class=\"elementor-button elementor-button-link elementor-size-sm\" href=\"https:\/\/famousprod.com\/en\/datedetournage-famous-rental\/\" id=\"date\">\n\t\t\t\t\t\t<span class=\"elementor-button-content-wrapper\">\n\t\t\t\t\t\t<span class=\"elementor-button-icon\">\n\t\t\t\t<svg aria-hidden=\"true\" class=\"e-font-icon-svg e-far-calendar-alt\" viewbox=\"0 0 448 512\" xmlns=\"http:\/\/www.w3.org\/2000\/svg\"><path d=\"M148 288h-40c-6.6 0-12-5.4-12-12v-40c0-6.6 5.4-12 12-12h40c6.6 0 12 5.4 12 12v40c0 6.6-5.4 12-12 12zm108-12v-40c0-6.6-5.4-12-12-12h-40c-6.6 0-12 5.4-12 12v40c0 6.6 5.4 12 12 12h40c6.6 0 12-5.4 12-12zm96 0v-40c0-6.6-5.4-12-12-12h-40c-6.6 0-12 5.4-12 12v40c0 6.6 5.4 12 12 12h40c6.6 0 12-5.4 12-12zm-96 96v-40c0-6.6-5.4-12-12-12h-40c-6.6 0-12 5.4-12 12v40c0 6.6 5.4 12 12 12h40c6.6 0 12-5.4 12-12zm-96 0v-40c0-6.6-5.4-12-12-12h-40c-6.6 0-12 5.4-12 12v40c0 6.6 5.4 12 12 12h40c6.6 0 12-5.4 12-12zm192 0v-40c0-6.6-5.4-12-12-12h-40c-6.6 0-12 5.4-12 12v40c0 6.6 5.4 12 12 12h40c6.6 0 12-5.4 12-12zm96-260v352c0 26.5-21.5 48-48 48H48c-26.5 0-48-21.5-48-48V112c0-26.5 21.5-48 48-48h48V12c0-6.6 5.4-12 12-12h40c6.6 0 12 5.4 12 12v52h128V12c0-6.6 5.4-12 12-12h40c6.6 0 12 5.4 12 12v52h48c26.5 0 48 21.5 48 48zm-48 346V160H48v298c0 3.3 2.7 6 6 6h340c3.3 0 6-2.7 6-6z\"><\/path><\/svg>\t\t\t<\/span>\n\t\t\t\t\t\t\t\t\t<span class=\"elementor-button-text\">Veuillez d\u00e9finir Vos Dates de tournage ici.<\/span>\n\t\t\t\t\t<\/span>\n\t\t\t\t\t<\/a>\n\t\t\t\t<\/div>\n\t\t\t\t\t\t\t\t<\/div>\n\t\t\t\t<\/div>\n\t\t\t\t<div class=\"elementor-element elementor-element-e26a7c3 elementor-widget elementor-widget-spacer\" data-id=\"e26a7c3\" data-element_type=\"widget\" data-e-type=\"widget\" data-widget_type=\"spacer.default\">\n\t\t\t\t<div class=\"elementor-widget-container\">\n\t\t\t\t\t\t\t<div class=\"elementor-spacer\">\n\t\t\t<div class=\"elementor-spacer-inner\"><\/div>\n\t\t<\/div>\n\t\t\t\t\t\t<\/div>\n\t\t\t\t<\/div>\n\t\t\t\t<div class=\"elementor-element elementor-element-21013a8 elementor-widget elementor-widget-heading\" data-id=\"21013a8\" data-element_type=\"widget\" data-e-type=\"widget\" data-widget_type=\"heading.default\">\n\t\t\t\t<div class=\"elementor-widget-container\">\n\t\t\t\t\t<h2 class=\"elementor-heading-title elementor-size-default\">Demande De Devis<\/h2>\t\t\t\t<\/div>\n\t\t\t\t<\/div>\n\t\t\t\t<div class=\"elementor-element elementor-element-6d140a6 elementor-widget__width-inherit elementor-widget elementor-widget-wc-elements\" data-id=\"6d140a6\" data-element_type=\"widget\" data-e-type=\"widget\" data-widget_type=\"wc-elements.default\">\n\t\t\t\t<div class=\"elementor-widget-container\">\n\t\t\t\t\t \t\t\t\t<\/div>\n\t\t\t\t<\/div>\n\t\t\t\t<div class=\"elementor-element elementor-element-6b84e0a elementor-widget elementor-widget-text-editor\" data-id=\"6b84e0a\" data-element_type=\"widget\" data-e-type=\"widget\" data-widget_type=\"text-editor.default\">\n\t\t\t\t<div class=\"elementor-widget-container\">\n\t\t\t\t\t\t\t\t\t<p><strong>Des prix est d\u00e9gressifs et s&rsquo;appliquent en fonction de la dur\u00e9e. <br \/><\/strong><strong>Nous consulter.<\/strong><\/p>\t\t\t\t\t\t\t\t<\/div>\n\t\t\t\t<\/div>\n\t\t\t\t<div class=\"elementor-element elementor-element-28b9d2f elementor-widget elementor-widget-text-editor\" data-id=\"28b9d2f\" data-element_type=\"widget\" data-e-type=\"widget\" data-widget_type=\"text-editor.default\">\n\t\t\t\t<div class=\"elementor-widget-container\">\n\t\t\t\t\t\t\t\t\t<p>\u00a0<\/p><p style=\"text-align: center;\">Cette commande donne lieu \u00e0 une estimation<\/p><p style=\"text-align: center;\">et non \u00e0 une r\u00e9servation.<\/p>\t\t\t\t\t\t\t\t<\/div>\n\t\t\t\t<\/div>\n\t\t\t\t<\/div>\n\t\t<div class=\"elementor-element elementor-element-c16a2e5 e-con-full e-flex e-con e-parent\" data-id=\"c16a2e5\" data-element_type=\"container\" data-e-type=\"container\">\n\t\t\t\t<div class=\"elementor-element elementor-element-a4465e2 elementor-widget-divider--view-line elementor-widget elementor-widget-divider\" data-id=\"a4465e2\" data-element_type=\"widget\" data-e-type=\"widget\" data-widget_type=\"divider.default\">\n\t\t\t\t<div class=\"elementor-widget-container\">\n\t\t\t\t\t\t\t<div class=\"elementor-divider\">\n\t\t\t<span class=\"elementor-divider-separator\">\n\t\t\t\t\t\t<\/span>\n\t\t<\/div>\n\t\t\t\t\t\t<\/div>\n\t\t\t\t<\/div>\n\t\t\t\t<div class=\"elementor-element elementor-element-4ef30a5 elementor-widget elementor-widget-wc-categories\" data-id=\"4ef30a5\" data-element_type=\"widget\" data-e-type=\"widget\" data-widget_type=\"wc-categories.default\">\n\t\t\t\t<div class=\"elementor-widget-container\">\n\t\t\t\t\t \t\t\t\t<\/div>\n\t\t\t\t<\/div>\n\t\t\t\t<\/div>\n\t\t\t\t<\/div>","protected":false},"excerpt":{"rendered":"<p>Dates De Tournage Veuillez d\u00e9finir Vos Dates de tournage ici. Demande De Devis Des prix est d\u00e9gressifs et s&rsquo;appliquent en fonction de la dur\u00e9e. Nous consulter. \u00a0 Cette commande donne lieu \u00e0 une estimation et non \u00e0 une r\u00e9servation.<\/p>","protected":false},"author":1,"featured_media":0,"parent":0,"menu_order":0,"comment_status":"closed","ping_status":"closed","template":"elementor_header_footer","meta":{"_acf_changed":false,"footnotes":""},"class_list":["post-4343","page","type-page","status-publish","hentry"],"acf":[],"yoast_head":"<!-- This site is optimized with the Yoast SEO plugin v27.5 - https:\/\/yoast.com\/product\/yoast-seo-wordpress\/ -->\n<title>WOO - Commande-Famous-Rental | FAMOUS PRODUCTION |<\/title>\n<meta name=\"description\" content=\"FAMOUS PRODUCTION | WOO - Commande-Famous-Rental | FAMOUS - Production Audiovisuelle Paris | famousprod.com\" \/>\n<meta name=\"robots\" content=\"index, follow, max-snippet:-1, max-image-preview:large, max-video-preview:-1\" \/>\n<link rel=\"canonical\" href=\"https:\/\/famousprod.com\/en\/commande-famous-rental\/\" \/>\n<meta property=\"og:locale\" content=\"en_GB\" \/>\n<meta property=\"og:type\" content=\"article\" \/>\n<meta property=\"og:title\" content=\"WOO - Commande-Famous-Rental | FAMOUS PRODUCTION |\" \/>\n<meta property=\"og:description\" content=\"FAMOUS PRODUCTION | WOO - Commande-Famous-Rental | FAMOUS - Production Audiovisuelle Paris | famousprod.com\" \/>\n<meta property=\"og:url\" content=\"https:\/\/famousprod.com\/en\/commande-famous-rental\/\" \/>\n<meta property=\"og:site_name\" content=\"FAMOUS PRODUCTION\" \/>\n<meta property=\"article:publisher\" content=\"https:\/\/www.facebook.com\/Famous.prod.75\" \/>\n<meta property=\"og:image\" content=\"https:\/\/famousprod.com\/wp-content\/uploads\/2024\/01\/Famous-Green-01-1280x544.png\" \/>\n\t<meta property=\"og:image:width\" content=\"1280\" \/>\n\t<meta property=\"og:image:height\" content=\"544\" \/>\n\t<meta property=\"og:image:type\" content=\"image\/png\" \/>\n<meta name=\"twitter:card\" content=\"summary_large_image\" \/>\n<meta name=\"twitter:label1\" content=\"Estimated reading time\" \/>\n\t<meta name=\"twitter:data1\" content=\"14 minutes\" \/>\n<script type=\"application\/ld+json\" class=\"yoast-schema-graph\">{\"@context\":\"https:\\\/\\\/schema.org\",\"@graph\":[{\"@type\":\"WebPage\",\"@id\":\"https:\\\/\\\/famousprod.com\\\/commande-famous-rental\\\/\",\"url\":\"https:\\\/\\\/famousprod.com\\\/commande-famous-rental\\\/\",\"name\":\"WOO - Commande-Famous-Rental | FAMOUS PRODUCTION |\",\"isPartOf\":{\"@id\":\"https:\\\/\\\/famousprod.com\\\/#website\"},\"datePublished\":\"2024-10-02T23:06:53+00:00\",\"description\":\"FAMOUS PRODUCTION | WOO - Commande-Famous-Rental | FAMOUS - Production Audiovisuelle Paris | famousprod.com\",\"breadcrumb\":{\"@id\":\"https:\\\/\\\/famousprod.com\\\/commande-famous-rental\\\/#breadcrumb\"},\"inLanguage\":\"en-GB\",\"potentialAction\":[{\"@type\":\"ReadAction\",\"target\":[\"https:\\\/\\\/famousprod.com\\\/commande-famous-rental\\\/\"]}]},{\"@type\":\"BreadcrumbList\",\"@id\":\"https:\\\/\\\/famousprod.com\\\/commande-famous-rental\\\/#breadcrumb\",\"itemListElement\":[{\"@type\":\"ListItem\",\"position\":1,\"name\":\"Accueil\",\"item\":\"https:\\\/\\\/famousprod.com\\\/\"},{\"@type\":\"ListItem\",\"position\":2,\"name\":\"WOO &#8211; Commande-Famous-Rental\"}]},{\"@type\":\"WebSite\",\"@id\":\"https:\\\/\\\/famousprod.com\\\/#website\",\"url\":\"https:\\\/\\\/famousprod.com\\\/\",\"name\":\"FAMOUS PRODUCTION\",\"description\":\"Production Audiovisuelle | Studio | Camera Rental - Paris\",\"publisher\":{\"@id\":\"https:\\\/\\\/famousprod.com\\\/#organization\"},\"alternateName\":\"Production audiovisuel et Studio | Paris\",\"potentialAction\":[{\"@type\":\"SearchAction\",\"target\":{\"@type\":\"EntryPoint\",\"urlTemplate\":\"https:\\\/\\\/famousprod.com\\\/?s={search_term_string}\"},\"query-input\":{\"@type\":\"PropertyValueSpecification\",\"valueRequired\":true,\"valueName\":\"search_term_string\"}}],\"inLanguage\":\"en-GB\"},{\"@type\":\"Organization\",\"@id\":\"https:\\\/\\\/famousprod.com\\\/#organization\",\"name\":\"FAMOUS - Production et Studio audiovisuel Paris\",\"alternateName\":\"FAMOUS Production Audiovisuelle | Studio | Camera Rental - Paris\",\"url\":\"https:\\\/\\\/famousprod.com\\\/\",\"logo\":{\"@type\":\"ImageObject\",\"inLanguage\":\"en-GB\",\"@id\":\"https:\\\/\\\/famousprod.com\\\/#\\\/schema\\\/logo\\\/image\\\/\",\"url\":\"https:\\\/\\\/famousprod.com\\\/wp-content\\\/uploads\\\/2018\\\/10\\\/LOGO-FAMOUS-BIG.png\",\"contentUrl\":\"https:\\\/\\\/famousprod.com\\\/wp-content\\\/uploads\\\/2018\\\/10\\\/LOGO-FAMOUS-BIG.png\",\"width\":1484,\"height\":1112,\"caption\":\"FAMOUS - Production et Studio audiovisuel Paris\"},\"image\":{\"@id\":\"https:\\\/\\\/famousprod.com\\\/#\\\/schema\\\/logo\\\/image\\\/\"},\"sameAs\":[\"https:\\\/\\\/www.facebook.com\\\/Famous.prod.75\",\"https:\\\/\\\/www.instagram.com\\\/famous.prod.75\\\/\",\"https:\\\/\\\/www.instagram.com\\\/famous.studio.75\\\/\",\"https:\\\/\\\/www.instagram.com\\\/famous.rental.75\\\/\"]}]}<\/script>\n<!-- \/ Yoast SEO plugin. -->","yoast_head_json":{"title":"WOO - Commande-Famous-Rental | FAMOUS PRODUCTION |","description":"FAMOUS PRODUCTION | WOO - Commande-Famous-Rental | FAMOUS - Production Audiovisuelle Paris | famousprod.com","robots":{"index":"index","follow":"follow","max-snippet":"max-snippet:-1","max-image-preview":"max-image-preview:large","max-video-preview":"max-video-preview:-1"},"canonical":"https:\/\/famousprod.com\/en\/commande-famous-rental\/","og_locale":"en_GB","og_type":"article","og_title":"WOO - Commande-Famous-Rental | FAMOUS PRODUCTION |","og_description":"FAMOUS PRODUCTION | WOO - Commande-Famous-Rental | FAMOUS - Production Audiovisuelle Paris | famousprod.com","og_url":"https:\/\/famousprod.com\/en\/commande-famous-rental\/","og_site_name":"FAMOUS PRODUCTION","article_publisher":"https:\/\/www.facebook.com\/Famous.prod.75","og_image":[{"width":1280,"height":544,"url":"https:\/\/famousprod.com\/wp-content\/uploads\/2024\/01\/Famous-Green-01-1280x544.png","type":"image\/png"}],"twitter_card":"summary_large_image","twitter_misc":{"Estimated reading time":"14 minutes"},"schema":{"@context":"https:\/\/schema.org","@graph":[{"@type":"WebPage","@id":"https:\/\/famousprod.com\/commande-famous-rental\/","url":"https:\/\/famousprod.com\/commande-famous-rental\/","name":"WOO - Commande-Famous-Rental | FAMOUS PRODUCTION |","isPartOf":{"@id":"https:\/\/famousprod.com\/#website"},"datePublished":"2024-10-02T23:06:53+00:00","description":"FAMOUS PRODUCTION | WOO - Commande-Famous-Rental | FAMOUS - Production Audiovisuelle Paris | famousprod.com","breadcrumb":{"@id":"https:\/\/famousprod.com\/commande-famous-rental\/#breadcrumb"},"inLanguage":"en-GB","potentialAction":[{"@type":"ReadAction","target":["https:\/\/famousprod.com\/commande-famous-rental\/"]}]},{"@type":"BreadcrumbList","@id":"https:\/\/famousprod.com\/commande-famous-rental\/#breadcrumb","itemListElement":[{"@type":"ListItem","position":1,"name":"Accueil","item":"https:\/\/famousprod.com\/"},{"@type":"ListItem","position":2,"name":"WOO &#8211; Commande-Famous-Rental"}]},{"@type":"WebSite","@id":"https:\/\/famousprod.com\/#website","url":"https:\/\/famousprod.com\/","name":"FAMOUS PRODUCTION","description":"Production Audiovisuelle | Studio | Camera Rental - Paris","publisher":{"@id":"https:\/\/famousprod.com\/#organization"},"alternateName":"Production audiovisuel et Studio | Paris","potentialAction":[{"@type":"SearchAction","target":{"@type":"EntryPoint","urlTemplate":"https:\/\/famousprod.com\/?s={search_term_string}"},"query-input":{"@type":"PropertyValueSpecification","valueRequired":true,"valueName":"search_term_string"}}],"inLanguage":"en-GB"},{"@type":"Organization","@id":"https:\/\/famousprod.com\/#organization","name":"FAMOUS - Production et Studio audiovisuel Paris","alternateName":"FAMOUS Production Audiovisuelle | Studio | Camera Rental - Paris","url":"https:\/\/famousprod.com\/","logo":{"@type":"ImageObject","inLanguage":"en-GB","@id":"https:\/\/famousprod.com\/#\/schema\/logo\/image\/","url":"https:\/\/famousprod.com\/wp-content\/uploads\/2018\/10\/LOGO-FAMOUS-BIG.png","contentUrl":"https:\/\/famousprod.com\/wp-content\/uploads\/2018\/10\/LOGO-FAMOUS-BIG.png","width":1484,"height":1112,"caption":"FAMOUS - Production et Studio audiovisuel Paris"},"image":{"@id":"https:\/\/famousprod.com\/#\/schema\/logo\/image\/"},"sameAs":["https:\/\/www.facebook.com\/Famous.prod.75","https:\/\/www.instagram.com\/famous.prod.75\/","https:\/\/www.instagram.com\/famous.studio.75\/","https:\/\/www.instagram.com\/famous.rental.75\/"]}]}},"_links":{"self":[{"href":"https:\/\/famousprod.com\/en\/wp-json\/wp\/v2\/pages\/4343","targetHints":{"allow":["GET"]}}],"collection":[{"href":"https:\/\/famousprod.com\/en\/wp-json\/wp\/v2\/pages"}],"about":[{"href":"https:\/\/famousprod.com\/en\/wp-json\/wp\/v2\/types\/page"}],"author":[{"embeddable":true,"href":"https:\/\/famousprod.com\/en\/wp-json\/wp\/v2\/users\/1"}],"replies":[{"embeddable":true,"href":"https:\/\/famousprod.com\/en\/wp-json\/wp\/v2\/comments?post=4343"}],"version-history":[{"count":71,"href":"https:\/\/famousprod.com\/en\/wp-json\/wp\/v2\/pages\/4343\/revisions"}],"predecessor-version":[{"id":8711,"href":"https:\/\/famousprod.com\/en\/wp-json\/wp\/v2\/pages\/4343\/revisions\/8711"}],"wp:attachment":[{"href":"https:\/\/famousprod.com\/en\/wp-json\/wp\/v2\/media?parent=4343"}],"curies":[{"name":"wp","href":"https:\/\/api.w.org\/{rel}","templated":true}]}}