{"id":3172,"date":"2024-10-03T01:06:53","date_gmt":"2024-10-02T23:06:53","guid":{"rendered":"https:\/\/famousprod.com\/\/mon-compte\/"},"modified":"2024-10-03T01:06:53","modified_gmt":"2024-10-02T23:06:53","slug":"mon-compte","status":"publish","type":"page","link":"https:\/\/famousprod.com\/en\/mon-compte\/","title":{"rendered":"WOO &#8211; Moncompte-Famous-Rental"},"content":{"rendered":"\t\t<div data-elementor-type=\"wp-page\" data-elementor-id=\"3172\" class=\"elementor elementor-3172\">\n\t\t\t\t<div class=\"elementor-element elementor-element-7631092 elementor-hidden-desktop elementor-hidden-tablet elementor-hidden-mobile e-flex e-con-boxed e-con e-parent\" data-id=\"7631092\" data-element_type=\"container\" data-e-type=\"container\">\n\t\t\t\t\t<div class=\"e-con-inner\">\n\t\t\t\t<div class=\"elementor-element elementor-element-dae7f57 elementor-hidden-desktop elementor-hidden-tablet elementor-hidden-mobile elementor-widget elementor-widget-image\" data-id=\"dae7f57\" data-element_type=\"widget\" data-e-type=\"widget\" data-widget_type=\"image.default\">\n\t\t\t\t<div class=\"elementor-widget-container\">\n\t\t\t\t\t\t\t\t\t\t\t\t\t\t\t\t<a href=\"https:\/\/famousprod.com\/\/boutique\/\">\n\t\t\t\t\t\t\t<img fetchpriority=\"high\" decoding=\"async\" width=\"416\" height=\"185\" src=\"https:\/\/famousprod.com\/wp-content\/uploads\/2019\/12\/LOGO-FAMOUS-CARRE-2-416x185.jpg\" class=\"attachment-woocommerce_single size-woocommerce_single wp-image-4081\" alt=\"\" srcset=\"https:\/\/famousprod.com\/wp-content\/uploads\/2019\/12\/LOGO-FAMOUS-CARRE-2-416x185.jpg 416w, https:\/\/famousprod.com\/wp-content\/uploads\/2019\/12\/LOGO-FAMOUS-CARRE-2-768x341.jpg 768w, https:\/\/famousprod.com\/wp-content\/uploads\/2019\/12\/LOGO-FAMOUS-CARRE-2-18x8.jpg 18w, https:\/\/famousprod.com\/wp-content\/uploads\/2019\/12\/LOGO-FAMOUS-CARRE-2.jpg 824w\" sizes=\"(max-width: 416px) 100vw, 416px\" \/>\t\t\t\t\t\t\t\t<\/a>\n\t\t\t\t\t\t\t\t\t\t\t\t\t\t\t<\/div>\n\t\t\t\t<\/div>\n\t\t\t\t\t<\/div>\n\t\t\t\t<\/div>\n\t\t<div class=\"elementor-element elementor-element-8effc11 e-con-full e-flex e-con e-parent\" data-id=\"8effc11\" data-element_type=\"container\" data-e-type=\"container\" data-settings=\"{&quot;background_background&quot;:&quot;classic&quot;}\">\n\t\t\t\t<div class=\"elementor-element elementor-element-fc8b281 elementor-widget elementor-widget-heading\" data-id=\"fc8b281\" data-element_type=\"widget\" data-e-type=\"widget\" data-widget_type=\"heading.default\">\n\t\t\t\t<div class=\"elementor-widget-container\">\n\t\t\t\t\t<h2 class=\"elementor-heading-title elementor-size-default\">Mon Compte Famous rental<\/h2>\t\t\t\t<\/div>\n\t\t\t\t<\/div>\n\t\t\t\t<\/div>\n\t\t<div class=\"elementor-element elementor-element-029adb6 e-con-full e-flex e-con e-parent\" data-id=\"029adb6\" data-element_type=\"container\" data-e-type=\"container\">\n\t\t<div class=\"elementor-element elementor-element-e4dd652 e-con-full e-flex e-con e-child\" data-id=\"e4dd652\" data-element_type=\"container\" data-e-type=\"container\">\n\t\t\t\t<div class=\"elementor-element elementor-element-c1b0459 elementor-position-block-start elementor-view-default elementor-mobile-position-block-start elementor-widget elementor-widget-icon-box\" data-id=\"c1b0459\" data-element_type=\"widget\" data-e-type=\"widget\" data-widget_type=\"icon-box.default\">\n\t\t\t\t<div class=\"elementor-widget-container\">\n\t\t\t\t\t\t\t<div class=\"elementor-icon-box-wrapper\">\n\n\t\t\t\t\t\t<div class=\"elementor-icon-box-icon\">\n\t\t\t\t<a href=\"https:\/\/famousprod.com\/\/mon-compte\/edit-address\" class=\"elementor-icon elementor-animation-pop\" tabindex=\"-1\" aria-label=\"Mes Infos\">\n\t\t\t\t<svg aria-hidden=\"true\" class=\"e-font-icon-svg e-far-smile\" viewBox=\"0 0 496 512\" xmlns=\"http:\/\/www.w3.org\/2000\/svg\"><path d=\"M248 8C111 8 0 119 0 256s111 248 248 248 248-111 248-248S385 8 248 8zm0 448c-110.3 0-200-89.7-200-200S137.7 56 248 56s200 89.7 200 200-89.7 200-200 200zm-80-216c17.7 0 32-14.3 32-32s-14.3-32-32-32-32 14.3-32 32 14.3 32 32 32zm160 0c17.7 0 32-14.3 32-32s-14.3-32-32-32-32 14.3-32 32 14.3 32 32 32zm4 72.6c-20.8 25-51.5 39.4-84 39.4s-63.2-14.3-84-39.4c-8.5-10.2-23.7-11.5-33.8-3.1-10.2 8.5-11.5 23.6-3.1 33.8 30 36 74.1 56.6 120.9 56.6s90.9-20.6 120.9-56.6c8.5-10.2 7.1-25.3-3.1-33.8-10.1-8.4-25.3-7.1-33.8 3.1z\"><\/path><\/svg>\t\t\t\t<\/a>\n\t\t\t<\/div>\n\t\t\t\n\t\t\t\t\t\t<div class=\"elementor-icon-box-content\">\n\n\t\t\t\t\t\t\t\t\t<h4 class=\"elementor-icon-box-title\">\n\t\t\t\t\t\t<a href=\"https:\/\/famousprod.com\/\/mon-compte\/edit-address\" >\n\t\t\t\t\t\t\tMes Infos\t\t\t\t\t\t<\/a>\n\t\t\t\t\t<\/h4>\n\t\t\t\t\n\t\t\t\t\n\t\t\t<\/div>\n\t\t\t\n\t\t<\/div>\n\t\t\t\t\t\t<\/div>\n\t\t\t\t<\/div>\n\t\t\t\t<\/div>\n\t\t<div class=\"elementor-element elementor-element-b85ebc5 e-con-full e-flex e-con e-child\" data-id=\"b85ebc5\" data-element_type=\"container\" data-e-type=\"container\">\n\t\t\t\t<div class=\"elementor-element elementor-element-bed8b4b elementor-position-block-start elementor-view-default elementor-mobile-position-block-start elementor-widget elementor-widget-icon-box\" data-id=\"bed8b4b\" data-element_type=\"widget\" data-e-type=\"widget\" data-widget_type=\"icon-box.default\">\n\t\t\t\t<div class=\"elementor-widget-container\">\n\t\t\t\t\t\t\t<div class=\"elementor-icon-box-wrapper\">\n\n\t\t\t\t\t\t<div class=\"elementor-icon-box-icon\">\n\t\t\t\t<a href=\"https:\/\/famousprod.com\/\/mon-compte\/edit-account\" class=\"elementor-icon elementor-animation-pop\" tabindex=\"-1\" aria-label=\"Mon Mot de passe\">\n\t\t\t\t<svg aria-hidden=\"true\" class=\"e-font-icon-svg e-fas-key\" viewBox=\"0 0 512 512\" xmlns=\"http:\/\/www.w3.org\/2000\/svg\"><path d=\"M512 176.001C512 273.203 433.202 352 336 352c-11.22 0-22.19-1.062-32.827-3.069l-24.012 27.014A23.999 23.999 0 0 1 261.223 384H224v40c0 13.255-10.745 24-24 24h-40v40c0 13.255-10.745 24-24 24H24c-13.255 0-24-10.745-24-24v-78.059c0-6.365 2.529-12.47 7.029-16.971l161.802-161.802C163.108 213.814 160 195.271 160 176 160 78.798 238.797.001 335.999 0 433.488-.001 512 78.511 512 176.001zM336 128c0 26.51 21.49 48 48 48s48-21.49 48-48-21.49-48-48-48-48 21.49-48 48z\"><\/path><\/svg>\t\t\t\t<\/a>\n\t\t\t<\/div>\n\t\t\t\n\t\t\t\t\t\t<div class=\"elementor-icon-box-content\">\n\n\t\t\t\t\t\t\t\t\t<h4 class=\"elementor-icon-box-title\">\n\t\t\t\t\t\t<a href=\"https:\/\/famousprod.com\/\/mon-compte\/edit-account\" >\n\t\t\t\t\t\t\tMon Mot de passe\t\t\t\t\t\t<\/a>\n\t\t\t\t\t<\/h4>\n\t\t\t\t\n\t\t\t\t\n\t\t\t<\/div>\n\t\t\t\n\t\t<\/div>\n\t\t\t\t\t\t<\/div>\n\t\t\t\t<\/div>\n\t\t\t\t<\/div>\n\t\t<div class=\"elementor-element elementor-element-edd028d e-con-full elementor-hidden-desktop elementor-hidden-tablet elementor-hidden-mobile e-flex e-con e-child\" data-id=\"edd028d\" data-element_type=\"container\" data-e-type=\"container\">\n\t\t\t\t<div class=\"elementor-element elementor-element-9a42ab6 elementor-position-block-start elementor-view-default elementor-mobile-position-block-start elementor-widget elementor-widget-icon-box\" data-id=\"9a42ab6\" data-element_type=\"widget\" data-e-type=\"widget\" data-widget_type=\"icon-box.default\">\n\t\t\t\t<div class=\"elementor-widget-container\">\n\t\t\t\t\t\t\t<div class=\"elementor-icon-box-wrapper\">\n\n\t\t\t\t\t\t<div class=\"elementor-icon-box-icon\">\n\t\t\t\t<a href=\"https:\/\/famousprod.com\/\/mon-compte\/orders\" class=\"elementor-icon elementor-animation-pop\" tabindex=\"-1\" aria-label=\"Mes Devis\">\n\t\t\t\t<svg aria-hidden=\"true\" class=\"e-font-icon-svg e-fas-cart-arrow-down\" viewBox=\"0 0 576 512\" xmlns=\"http:\/\/www.w3.org\/2000\/svg\"><path d=\"M504.717 320H211.572l6.545 32h268.418c15.401 0 26.816 14.301 23.403 29.319l-5.517 24.276C523.112 414.668 536 433.828 536 456c0 31.202-25.519 56.444-56.824 55.994-29.823-.429-54.35-24.631-55.155-54.447-.44-16.287 6.085-31.049 16.803-41.548H231.176C241.553 426.165 248 440.326 248 456c0 31.813-26.528 57.431-58.67 55.938-28.54-1.325-51.751-24.385-53.251-52.917-1.158-22.034 10.436-41.455 28.051-51.586L93.883 64H24C10.745 64 0 53.255 0 40V24C0 10.745 10.745 0 24 0h102.529c11.401 0 21.228 8.021 23.513 19.19L159.208 64H551.99c15.401 0 26.816 14.301 23.403 29.319l-47.273 208C525.637 312.246 515.923 320 504.717 320zM403.029 192H360v-60c0-6.627-5.373-12-12-12h-24c-6.627 0-12 5.373-12 12v60h-43.029c-10.691 0-16.045 12.926-8.485 20.485l67.029 67.029c4.686 4.686 12.284 4.686 16.971 0l67.029-67.029c7.559-7.559 2.205-20.485-8.486-20.485z\"><\/path><\/svg>\t\t\t\t<\/a>\n\t\t\t<\/div>\n\t\t\t\n\t\t\t\t\t\t<div class=\"elementor-icon-box-content\">\n\n\t\t\t\t\t\t\t\t\t<h4 class=\"elementor-icon-box-title\">\n\t\t\t\t\t\t<a href=\"https:\/\/famousprod.com\/\/mon-compte\/orders\" >\n\t\t\t\t\t\t\tMes Devis\t\t\t\t\t\t<\/a>\n\t\t\t\t\t<\/h4>\n\t\t\t\t\n\t\t\t\t\n\t\t\t<\/div>\n\t\t\t\n\t\t<\/div>\n\t\t\t\t\t\t<\/div>\n\t\t\t\t<\/div>\n\t\t\t\t<\/div>\n\t\t<div class=\"elementor-element elementor-element-38ac63a e-con-full e-flex e-con e-child\" data-id=\"38ac63a\" data-element_type=\"container\" data-e-type=\"container\">\n\t\t\t\t<div class=\"elementor-element elementor-element-a3d5458 elementor-position-block-start elementor-view-default elementor-mobile-position-block-start elementor-widget elementor-widget-icon-box\" data-id=\"a3d5458\" data-element_type=\"widget\" data-e-type=\"widget\" data-widget_type=\"icon-box.default\">\n\t\t\t\t<div class=\"elementor-widget-container\">\n\t\t\t\t\t\t\t<div class=\"elementor-icon-box-wrapper\">\n\n\t\t\t\t\t\t<div class=\"elementor-icon-box-icon\">\n\t\t\t\t<a href=\"https:\/\/famousprod.com\/\/mon-compte-quote\" class=\"elementor-icon elementor-animation-pop\" tabindex=\"-1\" aria-label=\"Mes Devis\">\n\t\t\t\t<svg aria-hidden=\"true\" class=\"e-font-icon-svg e-fas-cart-arrow-down\" viewBox=\"0 0 576 512\" xmlns=\"http:\/\/www.w3.org\/2000\/svg\"><path d=\"M504.717 320H211.572l6.545 32h268.418c15.401 0 26.816 14.301 23.403 29.319l-5.517 24.276C523.112 414.668 536 433.828 536 456c0 31.202-25.519 56.444-56.824 55.994-29.823-.429-54.35-24.631-55.155-54.447-.44-16.287 6.085-31.049 16.803-41.548H231.176C241.553 426.165 248 440.326 248 456c0 31.813-26.528 57.431-58.67 55.938-28.54-1.325-51.751-24.385-53.251-52.917-1.158-22.034 10.436-41.455 28.051-51.586L93.883 64H24C10.745 64 0 53.255 0 40V24C0 10.745 10.745 0 24 0h102.529c11.401 0 21.228 8.021 23.513 19.19L159.208 64H551.99c15.401 0 26.816 14.301 23.403 29.319l-47.273 208C525.637 312.246 515.923 320 504.717 320zM403.029 192H360v-60c0-6.627-5.373-12-12-12h-24c-6.627 0-12 5.373-12 12v60h-43.029c-10.691 0-16.045 12.926-8.485 20.485l67.029 67.029c4.686 4.686 12.284 4.686 16.971 0l67.029-67.029c7.559-7.559 2.205-20.485-8.486-20.485z\"><\/path><\/svg>\t\t\t\t<\/a>\n\t\t\t<\/div>\n\t\t\t\n\t\t\t\t\t\t<div class=\"elementor-icon-box-content\">\n\n\t\t\t\t\t\t\t\t\t<h4 class=\"elementor-icon-box-title\">\n\t\t\t\t\t\t<a href=\"https:\/\/famousprod.com\/\/mon-compte-quote\" >\n\t\t\t\t\t\t\tMes Devis\t\t\t\t\t\t<\/a>\n\t\t\t\t\t<\/h4>\n\t\t\t\t\n\t\t\t\t\n\t\t\t<\/div>\n\t\t\t\n\t\t<\/div>\n\t\t\t\t\t\t<\/div>\n\t\t\t\t<\/div>\n\t\t\t\t<\/div>\n\t\t<div class=\"elementor-element elementor-element-8ce041c e-con-full e-flex e-con e-child\" data-id=\"8ce041c\" data-element_type=\"container\" data-e-type=\"container\">\n\t\t\t\t<div class=\"elementor-element elementor-element-4b90431 elementor-position-block-start elementor-view-default elementor-mobile-position-block-start elementor-widget elementor-widget-icon-box\" data-id=\"4b90431\" data-element_type=\"widget\" data-e-type=\"widget\" data-widget_type=\"icon-box.default\">\n\t\t\t\t<div class=\"elementor-widget-container\">\n\t\t\t\t\t\t\t<div class=\"elementor-icon-box-wrapper\">\n\n\t\t\t\t\t\t<div class=\"elementor-icon-box-icon\">\n\t\t\t\t<a href=\"https:\/\/famousprod.com\/\/mon-compte\/customer-logout\" class=\"elementor-icon elementor-animation-pop\" tabindex=\"-1\" aria-label=\"se d\u00e9connecter\">\n\t\t\t\t<svg aria-hidden=\"true\" class=\"e-font-icon-svg e-fas-plug\" viewBox=\"0 0 384 512\" xmlns=\"http:\/\/www.w3.org\/2000\/svg\"><path d=\"M320,32a32,32,0,0,0-64,0v96h64Zm48,128H16A16,16,0,0,0,0,176v32a16,16,0,0,0,16,16H32v32A160.07,160.07,0,0,0,160,412.8V512h64V412.8A160.07,160.07,0,0,0,352,256V224h16a16,16,0,0,0,16-16V176A16,16,0,0,0,368,160ZM128,32a32,32,0,0,0-64,0v96h64Z\"><\/path><\/svg>\t\t\t\t<\/a>\n\t\t\t<\/div>\n\t\t\t\n\t\t\t\t\t\t<div class=\"elementor-icon-box-content\">\n\n\t\t\t\t\t\t\t\t\t<h4 class=\"elementor-icon-box-title\">\n\t\t\t\t\t\t<a href=\"https:\/\/famousprod.com\/\/mon-compte\/customer-logout\" >\n\t\t\t\t\t\t\tse d\u00e9connecter\t\t\t\t\t\t<\/a>\n\t\t\t\t\t<\/h4>\n\t\t\t\t\n\t\t\t\t\n\t\t\t<\/div>\n\t\t\t\n\t\t<\/div>\n\t\t\t\t\t\t<\/div>\n\t\t\t\t<\/div>\n\t\t\t\t<\/div>\n\t\t\t\t<\/div>\n\t\t<div class=\"elementor-element elementor-element-3e267fb e-con-full e-flex e-con e-parent\" data-id=\"3e267fb\" data-element_type=\"container\" data-e-type=\"container\">\n\t\t\t\t<div class=\"elementor-element elementor-element-bff3170 elementor-widget elementor-widget-text-editor\" data-id=\"bff3170\" data-element_type=\"widget\" data-e-type=\"widget\" data-widget_type=\"text-editor.default\">\n\t\t\t\t<div class=\"elementor-widget-container\">\n\t\t\t\t\t\t\t\t\t<div class=\"woocommerce\"><\/div>\n\t\t\t\t\t\t\t\t<\/div>\n\t\t\t\t<\/div>\n\t\t\t\t<div class=\"elementor-element elementor-element-875c3dd elementor-hidden-desktop elementor-hidden-tablet elementor-hidden-mobile elementor-widget elementor-widget-woocommerce-my-account\" data-id=\"875c3dd\" data-element_type=\"widget\" data-e-type=\"widget\" data-widget_type=\"woocommerce-my-account.default\">\n\t\t\t\t<div class=\"elementor-widget-container\">\n\t\t\t\t\t \t\t\t\t<\/div>\n\t\t\t\t<\/div>\n\t\t\t\t<div class=\"elementor-element elementor-element-c14bec3 elementor-hidden-desktop elementor-hidden-tablet elementor-hidden-mobile elementor-widget elementor-widget-wc-elements\" data-id=\"c14bec3\" data-element_type=\"widget\" data-e-type=\"widget\" data-widget_type=\"wc-elements.default\">\n\t\t\t\t<div class=\"elementor-widget-container\">\n\t\t\t\t\t \t\t\t\t<\/div>\n\t\t\t\t<\/div>\n\t\t\t\t<div class=\"elementor-element elementor-element-d864c8d elementor-widget-divider--view-line elementor-widget elementor-widget-divider\" data-id=\"d864c8d\" data-element_type=\"widget\" data-e-type=\"widget\" data-widget_type=\"divider.default\">\n\t\t\t\t<div class=\"elementor-widget-container\">\n\t\t\t\t\t\t\t<div class=\"elementor-divider\">\n\t\t\t<span class=\"elementor-divider-separator\">\n\t\t\t\t\t\t<\/span>\n\t\t<\/div>\n\t\t\t\t\t\t<\/div>\n\t\t\t\t<\/div>\n\t\t\t\t<\/div>\n\t\t<div class=\"elementor-element elementor-element-15b9cb9 e-con-full e-flex e-con e-parent\" data-id=\"15b9cb9\" data-element_type=\"container\" data-e-type=\"container\">\n\t\t\t\t<div class=\"elementor-element elementor-element-f16dceb elementor-hidden-desktop elementor-hidden-tablet elementor-hidden-mobile elementor-widget elementor-widget-shortcode\" data-id=\"f16dceb\" data-element_type=\"widget\" data-e-type=\"widget\" data-widget_type=\"shortcode.default\">\n\t\t\t\t<div class=\"elementor-widget-container\">\n\t\t\t\t\t\t\t<div class=\"elementor-shortcode\">[yith_ywraq_myaccount_quote_list]\n<\/div>\n\t\t\t\t\t\t<\/div>\n\t\t\t\t<\/div>\n\t\t\t\t<div class=\"elementor-element elementor-element-a503197 elementor-widget elementor-widget-text-editor\" data-id=\"a503197\" data-element_type=\"widget\" data-e-type=\"widget\" data-widget_type=\"text-editor.default\">\n\t\t\t\t<div class=\"elementor-widget-container\">\n\t\t\t\t\t\t\t\t\t<p>\u00a0<\/p><p style=\"text-align: center;\">Cette commande donne lieu \u00e0 une estimation<\/p><p style=\"text-align: center;\">et non \u00e0 une r\u00e9servation.<\/p>\t\t\t\t\t\t\t\t<\/div>\n\t\t\t\t<\/div>\n\t\t\t\t<div class=\"elementor-element elementor-element-7aba600 elementor-widget-divider--view-line elementor-widget elementor-widget-divider\" data-id=\"7aba600\" data-element_type=\"widget\" data-e-type=\"widget\" data-widget_type=\"divider.default\">\n\t\t\t\t<div class=\"elementor-widget-container\">\n\t\t\t\t\t\t\t<div class=\"elementor-divider\">\n\t\t\t<span class=\"elementor-divider-separator\">\n\t\t\t\t\t\t<\/span>\n\t\t<\/div>\n\t\t\t\t\t\t<\/div>\n\t\t\t\t<\/div>\n\t\t\t\t<div class=\"elementor-element elementor-element-f3e2c04 elementor-widget elementor-widget-wc-categories\" data-id=\"f3e2c04\" data-element_type=\"widget\" data-e-type=\"widget\" data-widget_type=\"wc-categories.default\">\n\t\t\t\t<div class=\"elementor-widget-container\">\n\t\t\t\t\t \t\t\t\t<\/div>\n\t\t\t\t<\/div>\n\t\t\t\t<\/div>\n\t\t\t\t<\/div>\n\t\t","protected":false},"excerpt":{"rendered":"<p>Mon Compte Famous rental Mes Infos Mon Mot de passe Mes Devis Mes Devis se d\u00e9connecter Tableau de Bord Devis \/ Estimation T\u00e9l\u00e9chargements Addresse de facturation Details du compte D\u00e9connexion Tableau de Bord Devis \/ Estimation T\u00e9l\u00e9chargements Addresse de facturation Details du compte D\u00e9connexion Tableau de Bord Devis \/ Estimation T\u00e9l\u00e9chargements Addresse de facturation Details [&hellip;]<\/p>\n","protected":false},"author":1,"featured_media":0,"parent":0,"menu_order":0,"comment_status":"closed","ping_status":"closed","template":"elementor_header_footer","meta":{"_acf_changed":false,"footnotes":""},"class_list":["post-3172","page","type-page","status-publish","hentry"],"acf":[],"yoast_head":"<!-- This site is optimized with the Yoast SEO plugin v27.5 - https:\/\/yoast.com\/product\/yoast-seo-wordpress\/ -->\n<title>WOO - Moncompte-Famous-Rental | FAMOUS PRODUCTION |<\/title>\n<meta name=\"description\" content=\"FAMOUS PRODUCTION | WOO - Moncompte-Famous-Rental | FAMOUS - Production Audiovisuelle Paris | famousprod.com\" \/>\n<meta name=\"robots\" content=\"index, follow, max-snippet:-1, max-image-preview:large, max-video-preview:-1\" \/>\n<link rel=\"canonical\" href=\"https:\/\/famousprod.com\/en\/mon-compte\/\" \/>\n<meta property=\"og:locale\" content=\"en_GB\" \/>\n<meta property=\"og:type\" content=\"article\" \/>\n<meta property=\"og:title\" content=\"WOO - Moncompte-Famous-Rental | FAMOUS PRODUCTION |\" \/>\n<meta property=\"og:description\" content=\"FAMOUS PRODUCTION | WOO - Moncompte-Famous-Rental | FAMOUS - Production Audiovisuelle Paris | famousprod.com\" \/>\n<meta property=\"og:url\" content=\"https:\/\/famousprod.com\/en\/mon-compte\/\" \/>\n<meta property=\"og:site_name\" content=\"FAMOUS PRODUCTION\" \/>\n<meta property=\"article:publisher\" content=\"https:\/\/www.facebook.com\/Famous.prod.75\" \/>\n<meta property=\"og:image\" content=\"https:\/\/famousprod.com\/\/wp-content\/uploads\/2019\/12\/LOGO-FAMOUS-CARRE-2-416x185.jpg\" \/>\n<meta name=\"twitter:card\" content=\"summary_large_image\" \/>\n<meta name=\"twitter:label1\" content=\"Estimated reading time\" \/>\n\t<meta name=\"twitter:data1\" content=\"5 minutes\" \/>\n<script type=\"application\/ld+json\" class=\"yoast-schema-graph\">{\"@context\":\"https:\\\/\\\/schema.org\",\"@graph\":[{\"@type\":\"WebPage\",\"@id\":\"https:\\\/\\\/famousprod.com\\\/mon-compte\\\/\",\"url\":\"https:\\\/\\\/famousprod.com\\\/mon-compte\\\/\",\"name\":\"WOO - Moncompte-Famous-Rental | FAMOUS PRODUCTION |\",\"isPartOf\":{\"@id\":\"https:\\\/\\\/famousprod.com\\\/#website\"},\"primaryImageOfPage\":{\"@id\":\"https:\\\/\\\/famousprod.com\\\/mon-compte\\\/#primaryimage\"},\"image\":{\"@id\":\"https:\\\/\\\/famousprod.com\\\/mon-compte\\\/#primaryimage\"},\"thumbnailUrl\":\"https:\\\/\\\/famousprod.com\\\/\\\/wp-content\\\/uploads\\\/2019\\\/12\\\/LOGO-FAMOUS-CARRE-2-416x185.jpg\",\"datePublished\":\"2024-10-02T23:06:53+00:00\",\"description\":\"FAMOUS PRODUCTION | WOO - Moncompte-Famous-Rental | FAMOUS - Production Audiovisuelle Paris | famousprod.com\",\"breadcrumb\":{\"@id\":\"https:\\\/\\\/famousprod.com\\\/mon-compte\\\/#breadcrumb\"},\"inLanguage\":\"en-GB\",\"potentialAction\":[{\"@type\":\"ReadAction\",\"target\":[\"https:\\\/\\\/famousprod.com\\\/mon-compte\\\/\"]}]},{\"@type\":\"ImageObject\",\"inLanguage\":\"en-GB\",\"@id\":\"https:\\\/\\\/famousprod.com\\\/mon-compte\\\/#primaryimage\",\"url\":\"https:\\\/\\\/famousprod.com\\\/\\\/wp-content\\\/uploads\\\/2019\\\/12\\\/LOGO-FAMOUS-CARRE-2-416x185.jpg\",\"contentUrl\":\"https:\\\/\\\/famousprod.com\\\/\\\/wp-content\\\/uploads\\\/2019\\\/12\\\/LOGO-FAMOUS-CARRE-2-416x185.jpg\"},{\"@type\":\"BreadcrumbList\",\"@id\":\"https:\\\/\\\/famousprod.com\\\/mon-compte\\\/#breadcrumb\",\"itemListElement\":[{\"@type\":\"ListItem\",\"position\":1,\"name\":\"Accueil\",\"item\":\"https:\\\/\\\/famousprod.com\\\/\"},{\"@type\":\"ListItem\",\"position\":2,\"name\":\"WOO &#8211; Moncompte-Famous-Rental\"}]},{\"@type\":\"WebSite\",\"@id\":\"https:\\\/\\\/famousprod.com\\\/#website\",\"url\":\"https:\\\/\\\/famousprod.com\\\/\",\"name\":\"FAMOUS PRODUCTION\",\"description\":\"Production Audiovisuelle | Studio | Camera Rental - Paris\",\"publisher\":{\"@id\":\"https:\\\/\\\/famousprod.com\\\/#organization\"},\"alternateName\":\"Production audiovisuel et Studio | Paris\",\"potentialAction\":[{\"@type\":\"SearchAction\",\"target\":{\"@type\":\"EntryPoint\",\"urlTemplate\":\"https:\\\/\\\/famousprod.com\\\/?s={search_term_string}\"},\"query-input\":{\"@type\":\"PropertyValueSpecification\",\"valueRequired\":true,\"valueName\":\"search_term_string\"}}],\"inLanguage\":\"en-GB\"},{\"@type\":\"Organization\",\"@id\":\"https:\\\/\\\/famousprod.com\\\/#organization\",\"name\":\"FAMOUS - Production et Studio audiovisuel Paris\",\"alternateName\":\"FAMOUS Production Audiovisuelle | Studio | Camera Rental - Paris\",\"url\":\"https:\\\/\\\/famousprod.com\\\/\",\"logo\":{\"@type\":\"ImageObject\",\"inLanguage\":\"en-GB\",\"@id\":\"https:\\\/\\\/famousprod.com\\\/#\\\/schema\\\/logo\\\/image\\\/\",\"url\":\"https:\\\/\\\/famousprod.com\\\/wp-content\\\/uploads\\\/2018\\\/10\\\/LOGO-FAMOUS-BIG.png\",\"contentUrl\":\"https:\\\/\\\/famousprod.com\\\/wp-content\\\/uploads\\\/2018\\\/10\\\/LOGO-FAMOUS-BIG.png\",\"width\":1484,\"height\":1112,\"caption\":\"FAMOUS - Production et Studio audiovisuel Paris\"},\"image\":{\"@id\":\"https:\\\/\\\/famousprod.com\\\/#\\\/schema\\\/logo\\\/image\\\/\"},\"sameAs\":[\"https:\\\/\\\/www.facebook.com\\\/Famous.prod.75\",\"https:\\\/\\\/www.instagram.com\\\/famous.prod.75\\\/\",\"https:\\\/\\\/www.instagram.com\\\/famous.studio.75\\\/\",\"https:\\\/\\\/www.instagram.com\\\/famous.rental.75\\\/\"]}]}<\/script>\n<!-- \/ Yoast SEO plugin. -->","yoast_head_json":{"title":"WOO - Moncompte-Famous-Rental | FAMOUS PRODUCTION |","description":"FAMOUS PRODUCTION | WOO - Moncompte-Famous-Rental | FAMOUS - Production Audiovisuelle Paris | famousprod.com","robots":{"index":"index","follow":"follow","max-snippet":"max-snippet:-1","max-image-preview":"max-image-preview:large","max-video-preview":"max-video-preview:-1"},"canonical":"https:\/\/famousprod.com\/en\/mon-compte\/","og_locale":"en_GB","og_type":"article","og_title":"WOO - Moncompte-Famous-Rental | FAMOUS PRODUCTION |","og_description":"FAMOUS PRODUCTION | WOO - Moncompte-Famous-Rental | FAMOUS - Production Audiovisuelle Paris | famousprod.com","og_url":"https:\/\/famousprod.com\/en\/mon-compte\/","og_site_name":"FAMOUS PRODUCTION","article_publisher":"https:\/\/www.facebook.com\/Famous.prod.75","og_image":[{"url":"https:\/\/famousprod.com\/\/wp-content\/uploads\/2019\/12\/LOGO-FAMOUS-CARRE-2-416x185.jpg","type":"","width":"","height":""}],"twitter_card":"summary_large_image","twitter_misc":{"Estimated reading time":"5 minutes"},"schema":{"@context":"https:\/\/schema.org","@graph":[{"@type":"WebPage","@id":"https:\/\/famousprod.com\/mon-compte\/","url":"https:\/\/famousprod.com\/mon-compte\/","name":"WOO - Moncompte-Famous-Rental | FAMOUS PRODUCTION |","isPartOf":{"@id":"https:\/\/famousprod.com\/#website"},"primaryImageOfPage":{"@id":"https:\/\/famousprod.com\/mon-compte\/#primaryimage"},"image":{"@id":"https:\/\/famousprod.com\/mon-compte\/#primaryimage"},"thumbnailUrl":"https:\/\/famousprod.com\/\/wp-content\/uploads\/2019\/12\/LOGO-FAMOUS-CARRE-2-416x185.jpg","datePublished":"2024-10-02T23:06:53+00:00","description":"FAMOUS PRODUCTION | WOO - Moncompte-Famous-Rental | FAMOUS - Production Audiovisuelle Paris | famousprod.com","breadcrumb":{"@id":"https:\/\/famousprod.com\/mon-compte\/#breadcrumb"},"inLanguage":"en-GB","potentialAction":[{"@type":"ReadAction","target":["https:\/\/famousprod.com\/mon-compte\/"]}]},{"@type":"ImageObject","inLanguage":"en-GB","@id":"https:\/\/famousprod.com\/mon-compte\/#primaryimage","url":"https:\/\/famousprod.com\/\/wp-content\/uploads\/2019\/12\/LOGO-FAMOUS-CARRE-2-416x185.jpg","contentUrl":"https:\/\/famousprod.com\/\/wp-content\/uploads\/2019\/12\/LOGO-FAMOUS-CARRE-2-416x185.jpg"},{"@type":"BreadcrumbList","@id":"https:\/\/famousprod.com\/mon-compte\/#breadcrumb","itemListElement":[{"@type":"ListItem","position":1,"name":"Accueil","item":"https:\/\/famousprod.com\/"},{"@type":"ListItem","position":2,"name":"WOO &#8211; Moncompte-Famous-Rental"}]},{"@type":"WebSite","@id":"https:\/\/famousprod.com\/#website","url":"https:\/\/famousprod.com\/","name":"FAMOUS PRODUCTION","description":"Production Audiovisuelle | Studio | Camera Rental - Paris","publisher":{"@id":"https:\/\/famousprod.com\/#organization"},"alternateName":"Production audiovisuel et Studio | Paris","potentialAction":[{"@type":"SearchAction","target":{"@type":"EntryPoint","urlTemplate":"https:\/\/famousprod.com\/?s={search_term_string}"},"query-input":{"@type":"PropertyValueSpecification","valueRequired":true,"valueName":"search_term_string"}}],"inLanguage":"en-GB"},{"@type":"Organization","@id":"https:\/\/famousprod.com\/#organization","name":"FAMOUS - Production et Studio audiovisuel Paris","alternateName":"FAMOUS Production Audiovisuelle | Studio | Camera Rental - Paris","url":"https:\/\/famousprod.com\/","logo":{"@type":"ImageObject","inLanguage":"en-GB","@id":"https:\/\/famousprod.com\/#\/schema\/logo\/image\/","url":"https:\/\/famousprod.com\/wp-content\/uploads\/2018\/10\/LOGO-FAMOUS-BIG.png","contentUrl":"https:\/\/famousprod.com\/wp-content\/uploads\/2018\/10\/LOGO-FAMOUS-BIG.png","width":1484,"height":1112,"caption":"FAMOUS - Production et Studio audiovisuel Paris"},"image":{"@id":"https:\/\/famousprod.com\/#\/schema\/logo\/image\/"},"sameAs":["https:\/\/www.facebook.com\/Famous.prod.75","https:\/\/www.instagram.com\/famous.prod.75\/","https:\/\/www.instagram.com\/famous.studio.75\/","https:\/\/www.instagram.com\/famous.rental.75\/"]}]}},"_links":{"self":[{"href":"https:\/\/famousprod.com\/en\/wp-json\/wp\/v2\/pages\/3172","targetHints":{"allow":["GET"]}}],"collection":[{"href":"https:\/\/famousprod.com\/en\/wp-json\/wp\/v2\/pages"}],"about":[{"href":"https:\/\/famousprod.com\/en\/wp-json\/wp\/v2\/types\/page"}],"author":[{"embeddable":true,"href":"https:\/\/famousprod.com\/en\/wp-json\/wp\/v2\/users\/1"}],"replies":[{"embeddable":true,"href":"https:\/\/famousprod.com\/en\/wp-json\/wp\/v2\/comments?post=3172"}],"version-history":[{"count":205,"href":"https:\/\/famousprod.com\/en\/wp-json\/wp\/v2\/pages\/3172\/revisions"}],"predecessor-version":[{"id":8709,"href":"https:\/\/famousprod.com\/en\/wp-json\/wp\/v2\/pages\/3172\/revisions\/8709"}],"wp:attachment":[{"href":"https:\/\/famousprod.com\/en\/wp-json\/wp\/v2\/media?parent=3172"}],"curies":[{"name":"wp","href":"https:\/\/api.w.org\/{rel}","templated":true}]}}