{"id":12580,"date":"2026-03-21T15:15:36","date_gmt":"2026-03-21T14:15:36","guid":{"rendered":"https:\/\/famousprod.com\/?page_id=12580"},"modified":"2026-03-21T15:18:27","modified_gmt":"2026-03-21T14:18:27","slug":"full-time-job","status":"publish","type":"page","link":"https:\/\/famousprod.com\/en\/full-time-job\/","title":{"rendered":"Full Time job"},"content":{"rendered":"<div data-elementor-type=\"wp-page\" data-elementor-id=\"12580\" class=\"elementor elementor-12580\" data-elementor-post-type=\"page\">\n\t\t\t\t<div class=\"elementor-element elementor-element-6d9ddee e-flex e-con-boxed e-con e-parent\" data-id=\"6d9ddee\" data-element_type=\"container\">\n\t\t\t\t\t<div class=\"e-con-inner\">\n\t\t\t\t<div class=\"elementor-element elementor-element-46c3bfc elementor-widget elementor-widget-shortcode\" data-id=\"46c3bfc\" data-element_type=\"widget\" data-widget_type=\"shortcode.default\">\n\t\t\t\t<div class=\"elementor-widget-container\">\n\t\t\t\t\t\t\t<div class=\"elementor-shortcode\">\n[famous_ftj]<\/div>\n\t\t\t\t\t\t<\/div>\n\t\t\t\t<\/div>\n\t\t\t\t\t<\/div>\n\t\t\t\t<\/div>\n\t\t<div class=\"elementor-element elementor-element-57415381 e-flex e-con-boxed e-con e-parent\" data-id=\"57415381\" data-element_type=\"container\">\n\t\t\t\t\t<div class=\"e-con-inner\">\n\t\t\t\t<div class=\"elementor-element elementor-element-7bfa2b49 elementor-widget elementor-widget-text-editor\" data-id=\"7bfa2b49\" data-element_type=\"widget\" data-widget_type=\"text-editor.default\">\n\t\t\t\t<div class=\"elementor-widget-container\">\n\t\t\t\t\t\t\t\t\t<table class=\"widefat\">\n<tbody>\n<tr>\n<th>Shortcode<\/th>\n<th>Utilisation<\/th>\n<\/tr>\n<tr>\n<td><code>[famous_ftj]<\/code><\/td>\n<td>Interface auto (employ\u00e9 ou admin selon le r\u00f4le)<\/td>\n<\/tr>\n<tr>\n<td><code>[famous_ftj_employee]<\/code><\/td>\n<td>Interface employ\u00e9 uniquement<\/td>\n<\/tr>\n<tr>\n<td><code>[famous_ftj_admin]<\/code><\/td>\n<td>Interface admin uniquement<\/td>\n<\/tr>\n<\/tbody>\n<\/table>\t\t\t\t\t\t\t\t<\/div>\n\t\t\t\t<\/div>\n\t\t\t\t\t<\/div>\n\t\t\t\t<\/div>\n\t\t\t\t<\/div>","protected":false},"excerpt":{"rendered":"<p>[famous_ftj] Shortcode Utilisation [famous_ftj] Interface auto (employ\u00e9 ou admin selon le r\u00f4le) [famous_ftj_employee] Interface employ\u00e9 uniquement [famous_ftj_admin] Interface admin uniquement<\/p>","protected":false},"author":1,"featured_media":0,"parent":0,"menu_order":0,"comment_status":"closed","ping_status":"closed","template":"","meta":{"_acf_changed":false,"footnotes":""},"class_list":["post-12580","page","type-page","status-publish","hentry"],"acf":[],"yoast_head":"<!-- This site is optimized with the Yoast SEO plugin v24.6 - https:\/\/yoast.com\/wordpress\/plugins\/seo\/ -->\n<title>Full Time job | FAMOUS PRODUCTION |<\/title>\n<meta name=\"description\" content=\"FAMOUS PRODUCTION | Full Time job | FAMOUS - Production Audiovisuelle Paris | famousprod.com\" \/>\n<meta name=\"robots\" content=\"index, follow, max-snippet:-1, max-image-preview:large, max-video-preview:-1\" \/>\n<link rel=\"canonical\" href=\"https:\/\/famousprod.com\/en\/full-time-job\/\" \/>\n<meta property=\"og:locale\" content=\"en_GB\" \/>\n<meta property=\"og:type\" content=\"article\" \/>\n<meta property=\"og:title\" content=\"Full Time job | FAMOUS PRODUCTION |\" \/>\n<meta property=\"og:description\" content=\"FAMOUS PRODUCTION | Full Time job | FAMOUS - Production Audiovisuelle Paris | famousprod.com\" \/>\n<meta property=\"og:url\" content=\"https:\/\/famousprod.com\/en\/full-time-job\/\" \/>\n<meta property=\"og:site_name\" content=\"FAMOUS PRODUCTION\" \/>\n<meta property=\"article:publisher\" content=\"https:\/\/www.facebook.com\/Famous.prod.75\" \/>\n<meta property=\"article:modified_time\" content=\"2026-03-21T14:18:27+00:00\" \/>\n<meta property=\"og:image\" content=\"https:\/\/famousprod.com\/wp-content\/uploads\/2024\/01\/Famous-Green-01-1280x544.png\" \/>\n\t<meta property=\"og:image:width\" content=\"1280\" \/>\n\t<meta property=\"og:image:height\" content=\"544\" \/>\n\t<meta property=\"og:image:type\" content=\"image\/png\" \/>\n<meta name=\"twitter:card\" content=\"summary_large_image\" \/>\n<meta name=\"twitter:label1\" content=\"Estimated reading time\" \/>\n\t<meta name=\"twitter:data1\" content=\"1 minute\" \/>\n<script type=\"application\/ld+json\" class=\"yoast-schema-graph\">{\"@context\":\"https:\/\/schema.org\",\"@graph\":[{\"@type\":\"WebPage\",\"@id\":\"https:\/\/famousprod.com\/full-time-job\/\",\"url\":\"https:\/\/famousprod.com\/full-time-job\/\",\"name\":\"Full Time job | FAMOUS PRODUCTION |\",\"isPartOf\":{\"@id\":\"https:\/\/famousprod.com\/#website\"},\"datePublished\":\"2026-03-21T14:15:36+00:00\",\"dateModified\":\"2026-03-21T14:18:27+00:00\",\"description\":\"FAMOUS PRODUCTION | Full Time job | FAMOUS - Production Audiovisuelle Paris | famousprod.com\",\"breadcrumb\":{\"@id\":\"https:\/\/famousprod.com\/full-time-job\/#breadcrumb\"},\"inLanguage\":\"en-GB\",\"potentialAction\":[{\"@type\":\"ReadAction\",\"target\":[\"https:\/\/famousprod.com\/full-time-job\/\"]}]},{\"@type\":\"BreadcrumbList\",\"@id\":\"https:\/\/famousprod.com\/full-time-job\/#breadcrumb\",\"itemListElement\":[{\"@type\":\"ListItem\",\"position\":1,\"name\":\"Accueil\",\"item\":\"https:\/\/famousprod.com\/\"},{\"@type\":\"ListItem\",\"position\":2,\"name\":\"Full Time job\"}]},{\"@type\":\"WebSite\",\"@id\":\"https:\/\/famousprod.com\/#website\",\"url\":\"https:\/\/famousprod.com\/\",\"name\":\"FAMOUS PRODUCTION\",\"description\":\"Production Audiovisuelle | Studio | Camera Rental - Paris\",\"publisher\":{\"@id\":\"https:\/\/famousprod.com\/#organization\"},\"alternateName\":\"Production audiovisuel et Studio | Paris\",\"potentialAction\":[{\"@type\":\"SearchAction\",\"target\":{\"@type\":\"EntryPoint\",\"urlTemplate\":\"https:\/\/famousprod.com\/?s={search_term_string}\"},\"query-input\":{\"@type\":\"PropertyValueSpecification\",\"valueRequired\":true,\"valueName\":\"search_term_string\"}}],\"inLanguage\":\"en-GB\"},{\"@type\":\"Organization\",\"@id\":\"https:\/\/famousprod.com\/#organization\",\"name\":\"FAMOUS - Production et Studio audiovisuel Paris\",\"alternateName\":\"FAMOUS Production Audiovisuelle | Studio | Camera Rental - Paris\",\"url\":\"https:\/\/famousprod.com\/\",\"logo\":{\"@type\":\"ImageObject\",\"inLanguage\":\"en-GB\",\"@id\":\"https:\/\/famousprod.com\/#\/schema\/logo\/image\/\",\"url\":\"https:\/\/famousprod.com\/wp-content\/uploads\/2018\/10\/LOGO-FAMOUS-BIG.png\",\"contentUrl\":\"https:\/\/famousprod.com\/wp-content\/uploads\/2018\/10\/LOGO-FAMOUS-BIG.png\",\"width\":1484,\"height\":1112,\"caption\":\"FAMOUS - Production et Studio audiovisuel Paris\"},\"image\":{\"@id\":\"https:\/\/famousprod.com\/#\/schema\/logo\/image\/\"},\"sameAs\":[\"https:\/\/www.facebook.com\/Famous.prod.75\",\"https:\/\/www.instagram.com\/famous.prod.75\/\",\"https:\/\/www.instagram.com\/famous.studio.75\/\",\"https:\/\/www.instagram.com\/famous.rental.75\/\"]}]}<\/script>\n<!-- \/ Yoast SEO plugin. -->","yoast_head_json":{"title":"Full Time job | FAMOUS PRODUCTION |","description":"FAMOUS PRODUCTION | Full Time job | FAMOUS - Production Audiovisuelle Paris | famousprod.com","robots":{"index":"index","follow":"follow","max-snippet":"max-snippet:-1","max-image-preview":"max-image-preview:large","max-video-preview":"max-video-preview:-1"},"canonical":"https:\/\/famousprod.com\/en\/full-time-job\/","og_locale":"en_GB","og_type":"article","og_title":"Full Time job | FAMOUS PRODUCTION |","og_description":"FAMOUS PRODUCTION | Full Time job | FAMOUS - Production Audiovisuelle Paris | famousprod.com","og_url":"https:\/\/famousprod.com\/en\/full-time-job\/","og_site_name":"FAMOUS PRODUCTION","article_publisher":"https:\/\/www.facebook.com\/Famous.prod.75","article_modified_time":"2026-03-21T14:18:27+00:00","og_image":[{"width":1280,"height":544,"url":"https:\/\/famousprod.com\/wp-content\/uploads\/2024\/01\/Famous-Green-01-1280x544.png","type":"image\/png"}],"twitter_card":"summary_large_image","twitter_misc":{"Estimated reading time":"1 minute"},"schema":{"@context":"https:\/\/schema.org","@graph":[{"@type":"WebPage","@id":"https:\/\/famousprod.com\/full-time-job\/","url":"https:\/\/famousprod.com\/full-time-job\/","name":"Full Time job | FAMOUS PRODUCTION |","isPartOf":{"@id":"https:\/\/famousprod.com\/#website"},"datePublished":"2026-03-21T14:15:36+00:00","dateModified":"2026-03-21T14:18:27+00:00","description":"FAMOUS PRODUCTION | Full Time job | FAMOUS - Production Audiovisuelle Paris | famousprod.com","breadcrumb":{"@id":"https:\/\/famousprod.com\/full-time-job\/#breadcrumb"},"inLanguage":"en-GB","potentialAction":[{"@type":"ReadAction","target":["https:\/\/famousprod.com\/full-time-job\/"]}]},{"@type":"BreadcrumbList","@id":"https:\/\/famousprod.com\/full-time-job\/#breadcrumb","itemListElement":[{"@type":"ListItem","position":1,"name":"Accueil","item":"https:\/\/famousprod.com\/"},{"@type":"ListItem","position":2,"name":"Full Time job"}]},{"@type":"WebSite","@id":"https:\/\/famousprod.com\/#website","url":"https:\/\/famousprod.com\/","name":"FAMOUS PRODUCTION","description":"Production Audiovisuelle | Studio | Camera Rental - Paris","publisher":{"@id":"https:\/\/famousprod.com\/#organization"},"alternateName":"Production audiovisuel et Studio | Paris","potentialAction":[{"@type":"SearchAction","target":{"@type":"EntryPoint","urlTemplate":"https:\/\/famousprod.com\/?s={search_term_string}"},"query-input":{"@type":"PropertyValueSpecification","valueRequired":true,"valueName":"search_term_string"}}],"inLanguage":"en-GB"},{"@type":"Organization","@id":"https:\/\/famousprod.com\/#organization","name":"FAMOUS - Production et Studio audiovisuel Paris","alternateName":"FAMOUS Production Audiovisuelle | Studio | Camera Rental - Paris","url":"https:\/\/famousprod.com\/","logo":{"@type":"ImageObject","inLanguage":"en-GB","@id":"https:\/\/famousprod.com\/#\/schema\/logo\/image\/","url":"https:\/\/famousprod.com\/wp-content\/uploads\/2018\/10\/LOGO-FAMOUS-BIG.png","contentUrl":"https:\/\/famousprod.com\/wp-content\/uploads\/2018\/10\/LOGO-FAMOUS-BIG.png","width":1484,"height":1112,"caption":"FAMOUS - Production et Studio audiovisuel Paris"},"image":{"@id":"https:\/\/famousprod.com\/#\/schema\/logo\/image\/"},"sameAs":["https:\/\/www.facebook.com\/Famous.prod.75","https:\/\/www.instagram.com\/famous.prod.75\/","https:\/\/www.instagram.com\/famous.studio.75\/","https:\/\/www.instagram.com\/famous.rental.75\/"]}]}},"_links":{"self":[{"href":"https:\/\/famousprod.com\/en\/wp-json\/wp\/v2\/pages\/12580","targetHints":{"allow":["GET"]}}],"collection":[{"href":"https:\/\/famousprod.com\/en\/wp-json\/wp\/v2\/pages"}],"about":[{"href":"https:\/\/famousprod.com\/en\/wp-json\/wp\/v2\/types\/page"}],"author":[{"embeddable":true,"href":"https:\/\/famousprod.com\/en\/wp-json\/wp\/v2\/users\/1"}],"replies":[{"embeddable":true,"href":"https:\/\/famousprod.com\/en\/wp-json\/wp\/v2\/comments?post=12580"}],"version-history":[{"count":4,"href":"https:\/\/famousprod.com\/en\/wp-json\/wp\/v2\/pages\/12580\/revisions"}],"predecessor-version":[{"id":12584,"href":"https:\/\/famousprod.com\/en\/wp-json\/wp\/v2\/pages\/12580\/revisions\/12584"}],"wp:attachment":[{"href":"https:\/\/famousprod.com\/en\/wp-json\/wp\/v2\/media?parent=12580"}],"curies":[{"name":"wp","href":"https:\/\/api.w.org\/{rel}","templated":true}]}}